{"id":107,"date":"2015-02-23T13:57:24","date_gmt":"2015-02-23T13:57:24","guid":{"rendered":"https:\/\/www.azentis.com\/patrimoine\/?page_id=107"},"modified":"2021-03-26T12:40:16","modified_gmt":"2021-03-26T12:40:16","slug":"galerie","status":"publish","type":"page","link":"https:\/\/www.azentis.com\/patrimoine\/galerie\/","title":{"rendered":"Galerie d&rsquo;images"},"content":{"rendered":"<p style=\"text-align: left;\">A travers cette galerie d&rsquo;images num\u00e9ris\u00e9es dans nos ateliers, vous pouvez vous rendre compte de l&rsquo;\u00e9tendu de nos comp\u00e9tences. Nous travaillons avec diff\u00e9rents types de scanners et d\u2019appareils photos selon la typologie des documents \u00e0 num\u00e9riser.<\/p>\n","protected":false},"excerpt":{"rendered":"<p>A travers cette galerie d&rsquo;images num\u00e9ris\u00e9es dans nos ateliers, vous pouvez vous rendre compte de l&rsquo;\u00e9tendu de nos comp\u00e9tences. Nous travaillons avec diff\u00e9rents types de scanners et d\u2019appareils photos selon la typologie des documents \u00e0 num\u00e9riser.<\/p>\n","protected":false},"author":1,"featured_media":0,"parent":0,"menu_order":0,"comment_status":"open","ping_status":"open","template":"page-galerie.php","meta":[],"tags":[],"acf":[],"aioseo_notices":[],"_links":{"self":[{"href":"https:\/\/www.azentis.com\/patrimoine\/wp-json\/wp\/v2\/pages\/107"}],"collection":[{"href":"https:\/\/www.azentis.com\/patrimoine\/wp-json\/wp\/v2\/pages"}],"about":[{"href":"https:\/\/www.azentis.com\/patrimoine\/wp-json\/wp\/v2\/types\/page"}],"author":[{"embeddable":true,"href":"https:\/\/www.azentis.com\/patrimoine\/wp-json\/wp\/v2\/users\/1"}],"replies":[{"embeddable":true,"href":"https:\/\/www.azentis.com\/patrimoine\/wp-json\/wp\/v2\/comments?post=107"}],"version-history":[{"count":7,"href":"https:\/\/www.azentis.com\/patrimoine\/wp-json\/wp\/v2\/pages\/107\/revisions"}],"predecessor-version":[{"id":460,"href":"https:\/\/www.azentis.com\/patrimoine\/wp-json\/wp\/v2\/pages\/107\/revisions\/460"}],"wp:attachment":[{"href":"https:\/\/www.azentis.com\/patrimoine\/wp-json\/wp\/v2\/media?parent=107"}],"wp:term":[{"taxonomy":"post_tag","embeddable":true,"href":"https:\/\/www.azentis.com\/patrimoine\/wp-json\/wp\/v2\/tags?post=107"}],"curies":[{"name":"wp","href":"https:\/\/api.w.org\/{rel}","templated":true}]}}